{"id":935,"date":"2021-01-28T12:44:53","date_gmt":"2021-01-28T11:44:53","guid":{"rendered":"https:\/\/pasanil.com.pl\/angebot\/radiergummis-maskieren\/"},"modified":"2021-02-23T11:28:22","modified_gmt":"2021-02-23T10:28:22","slug":"radiergummis-maskieren","status":"publish","type":"page","link":"https:\/\/pasanil.com.pl\/de\/angebot\/radiergummis-maskieren\/","title":{"rendered":"Gummis f\u00fcr OP Masken"},"content":{"rendered":"<p>[et_pb_section fb_built=&#8220;1&#8243; custom_padding_last_edited=&#8220;on|tablet&#8220; _builder_version=&#8220;4.8.1&#8243; _module_preset=&#8220;default&#8220; background_color=&#8220;#FAFBFE&#8220; custom_padding=&#8220;5vw||3vw||false|false&#8220; custom_padding_tablet=&#8220;10vw||2vw||false|false&#8220; custom_padding_phone=&#8220;7vw||0vw||false|false&#8220; top_divider_style=&#8220;wave&#8220; top_divider_color=&#8220;#FFFFFF&#8220; top_divider_height_tablet=&#8220;&#8220; top_divider_height_phone=&#8220;50px&#8220; top_divider_height_last_edited=&#8220;on|phone&#8220; bottom_divider_style=&#8220;wave&#8220; bottom_divider_color=&#8220;#FFFFFF&#8220; bottom_divider_height_tablet=&#8220;&#8220; bottom_divider_height_phone=&#8220;50px&#8220; bottom_divider_height_last_edited=&#8220;on|phone&#8220; saved_tabs=&#8220;all&#8220;][et_pb_row custom_padding_last_edited=&#8220;on|phone&#8220; _builder_version=&#8220;4.8.1&#8243; _module_preset=&#8220;default&#8220; custom_padding=&#8220;||80px|||&#8220; custom_padding_tablet=&#8220;&#8220; custom_padding_phone=&#8220;||15vw||false|false&#8220; locked=&#8220;off&#8220;][et_pb_column type=&#8220;4_4&#8243; _builder_version=&#8220;4.8.0&#8243; _module_preset=&#8220;default&#8220;][et_pb_post_title meta=&#8220;off&#8220; featured_image=&#8220;off&#8220; _builder_version=&#8220;4.8.1&#8243; _module_preset=&#8220;default&#8220; title_text_align=&#8220;center&#8220; title_font_size=&#8220;54px&#8220; custom_margin=&#8220;||0px|||&#8220; title_font_size_tablet=&#8220;42px&#8220; title_font_size_phone=&#8220;36px&#8220; title_font_size_last_edited=&#8220;on|phone&#8220;][\/et_pb_post_title][et_pb_divider show_divider=&#8220;off&#8220; _builder_version=&#8220;4.8.0&#8243; _module_preset=&#8220;default&#8220; width=&#8220;30%&#8220; max_width=&#8220;50%&#8220; module_alignment=&#8220;center&#8220; min_height=&#8220;0px&#8220; height=&#8220;0px&#8220; max_height=&#8220;0px&#8220; custom_margin=&#8220;0px||||false|false&#8220; custom_padding=&#8220;0px||||false|false&#8220; border_style_all=&#8220;dashed&#8220; border_width_bottom=&#8220;3px&#8220; border_color_bottom=&#8220;#CD1719&#8243;][\/et_pb_divider][et_pb_text _builder_version=&#8220;4.8.1&#8243; _module_preset=&#8220;default&#8220; text_text_color=&#8220;#1E45AC&#8220; link_text_color=&#8220;#1E45AC&#8220; text_orientation=&#8220;center&#8220; custom_margin=&#8220;10px||0px||false|false&#8220; custom_padding=&#8220;5px||5px||false|false&#8220; text_font_size_tablet=&#8220;16px&#8220; text_font_size_phone=&#8220;14px&#8220; text_font_size_last_edited=&#8220;on|phone&#8220; text_line_height_tablet=&#8220;1.6em&#8220; text_line_height_phone=&#8220;1.4em&#8220; text_line_height_last_edited=&#8220;on|tablet&#8220;]<\/p>\n<span><span><a href=\"https:\/\/pasanil.com.pl\/de\/startseite\/\">Startseite<\/a><\/span>\n<p>[\/et_pb_text][\/et_pb_column][\/et_pb_row][\/et_pb_section][et_pb_section fb_built=&#8220;1&#8243; _builder_version=&#8220;4.8.1&#8243; _module_preset=&#8220;default&#8220;][et_pb_row column_structure=&#8220;1_2,1_2&#8243; use_custom_gutter=&#8220;on&#8220; gutter_width=&#8220;4&#8243; _builder_version=&#8220;4.8.1&#8243; _module_preset=&#8220;default&#8220;][et_pb_column type=&#8220;1_2&#8243; _builder_version=&#8220;4.8.1&#8243; _module_preset=&#8220;default&#8220;][et_pb_text _builder_version=&#8220;4.8.1&#8243; _module_preset=&#8220;default&#8220; locked=&#8220;off&#8220;]<\/p>\n<div id=\"page\" class=\"hfeed site\">\n<div id=\"main\" class=\"clearfix\">\n<div class=\"inner-wrap\">\n<div id=\"primary\">\n<div id=\"content\" class=\"clearfix\">\n<article id=\"post-87\" class=\"post-87 page type-page status-publish hentry\">\n<div class=\"entry-content clearfix\">\n<div id=\"pl-87\" class=\"panel-layout\">\n<div id=\"pg-87-0\" class=\"panel-grid panel-no-style\">\n<div id=\"pgc-87-0-0\" class=\"panel-grid-cell\">\n<div id=\"panel-87-0-0-0\" class=\"so-panel widget widget_lsow-tabs panel-first-child panel-last-child\" data-index=\"0\">\n<div class=\"so-widget-lsow-tabs so-widget-lsow-tabs-default-a5554a05f0b2\">\n<div class=\"lsow-tabs lsow-vertical style8\" data-mobile-width=\"767\">\n<div class=\"lsow-tab-panes\">\n<div id=\"gumki-do-masek-600719b7a781e\" class=\"lsow-tab-pane lsow-active\">\n<p>In Zeiten der Coronavirus-Pandemie bieten wir gestrickten flachen B\u00e4nder f\u00fcr Masken in Breiten von 4 bis 5 mm an. Und 2-3 mm runde Gummib\u00e4nder, die in Maschinen zum N\u00e4hen von Einwegmasken verwendet werden. Wir bieten Gummib\u00e4nder f\u00fcr Maschinen zum N\u00e4hen von Masken aus Polyamid und Polyester an. Sie eignen sich sowohl zum Ultraschallschwei\u00dfen als auch zum traditionellen Einn\u00e4hen. Sie schneiden nicht in die Haut und f\u00fchlen sich angenehm an.<\/p>\n<\/div>\n<\/div>\n<\/div>\n<\/div>\n<\/div>\n<\/div>\n<\/div>\n<\/div>\n<\/div>\n<\/article>\n<\/div>\n<\/div>\n<\/div>\n<\/div>\n<\/div>\n<footer id=\"colophon\" class=\"clearfix\">\n<div class=\"footer-socket-wrapper clearfix\">\n<div class=\"inner-wrap\">\n<div class=\"footer-socket-area\"><\/div>\n<\/div>\n<\/div>\n<\/footer>\n<p>[\/et_pb_text][\/et_pb_column][et_pb_column type=&#8220;1_2&#8243; _builder_version=&#8220;4.8.1&#8243; _module_preset=&#8220;default&#8220;][et_pb_image src=&#8220;https:\/\/pasanil.com.pl\/wp-content\/uploads\/2021\/01\/medicine-5103043_1920.jpg&#8220; title_text=&#8220;medicine-5103043_1920&#8243; _builder_version=&#8220;4.8.1&#8243; _module_preset=&#8220;default&#8220; custom_css_after=&#8220;display:block;||position:absolute;||z-index:10;||width:109px;||height:132px;||content:%22 %22;||    border-radius: 150px 0 0 150px;||    overflow: hidden;||    transform: translateX(-75px) translateY(-195px);||    background: rgba(205,24,25,0.75);||    box-shadow: 0 8px 32px 0 rgba(31,38,135,0.37);||    backdrop-filter: blur(10.0px);||    -webkit-backdrop-filter: blur(10.0px);&#8220; border_radii=&#8220;off|||75px|&#8220; box_shadow_style=&#8220;preset2&#8243; box_shadow_horizontal=&#8220;14px&#8220; box_shadow_vertical=&#8220;22px&#8220; box_shadow_blur=&#8220;24px&#8220; box_shadow_spread=&#8220;7px&#8220; box_shadow_color=&#8220;rgba(0,0,0,0.17)&#8220; locked=&#8220;off&#8220;][\/et_pb_image][\/et_pb_column][\/et_pb_row][\/et_pb_section][et_pb_section fb_built=&#8220;1&#8243; _builder_version=&#8220;4.8.1&#8243; _module_preset=&#8220;default&#8220; saved_tabs=&#8220;all&#8220;][et_pb_row _builder_version=&#8220;4.8.1&#8243; _module_preset=&#8220;default&#8220; custom_padding=&#8220;||0px|||&#8220;][et_pb_column type=&#8220;4_4&#8243; _builder_version=&#8220;4.8.1&#8243; _module_preset=&#8220;default&#8220;][et_pb_text _builder_version=&#8220;4.8.1&#8243; _module_preset=&#8220;default&#8220; header_3_text_align=&#8220;center&#8220; header_4_font=&#8220;Open Sans|300|||||||&#8220; header_4_text_align=&#8220;center&#8220; header_4_font_size=&#8220;26px&#8220; header_4_line_height=&#8220;1.8em&#8220;]<\/p>\n<h3>Wir laden Sie zur Zusammenarbeit ein<\/h3>\n<h4>Gerne helfen wir Ihnen bei der Auswahl des Sortiments.<\/h4>\n<p>[\/et_pb_text][et_pb_divider show_divider=&#8220;off&#8220; _builder_version=&#8220;4.8.0&#8243; _module_preset=&#8220;default&#8220; width=&#8220;30%&#8220; max_width=&#8220;50%&#8220; module_alignment=&#8220;center&#8220; min_height=&#8220;0px&#8220; height=&#8220;0px&#8220; max_height=&#8220;0px&#8220; custom_margin=&#8220;0px||||false|false&#8220; custom_padding=&#8220;0px||||false|false&#8220; border_style_all=&#8220;dashed&#8220; border_width_bottom=&#8220;3px&#8220; border_color_bottom=&#8220;#CD1719&#8243; locked=&#8220;off&#8220;][\/et_pb_divider][dsm_button button_one_text=&#8220;Unser Angebot&#8220; button_one_url=&#8220;https:\/\/pasanil.com.pl\/de\/oferta\/&#8220; button_two_text=&#8220;Kontaktiere uns&#8220; button_two_url=&#8220;https:\/\/pasanil.com.pl\/de\/kontakt\/&#8220; button_alignment=&#8220;center&#8220; _builder_version=&#8220;4.8.1&#8243; _module_preset=&#8220;default&#8220; custom_button_one=&#8220;on&#8220; button_one_custom_padding=&#8220;10px|40px|10px|40px|true|true&#8220; custom_button_two=&#8220;on&#8220; button_two_text_color=&#8220;#1E45AC&#8220; button_two_bg_color=&#8220;RGBA(0,0,0,0)&#8220; button_two_border_width=&#8220;1px&#8220; button_two_border_color=&#8220;#1E45AC&#8220; button_two_custom_padding=&#8220;10px|40px|10px|40px|true|true&#8220; background_layout=&#8220;dark&#8220; custom_padding=&#8220;3vw||1vw||false|false&#8220; button_one_bg_color_last_edited=&#8220;off|desktop&#8220; locked=&#8220;off&#8220; button_one_bg_color__hover_enabled=&#8220;on|hover&#8220; button_one_bg_color__hover=&#8220;#1E45AC&#8220; button_one_bg_enable_color__hover=&#8220;on&#8220;][\/dsm_button][et_pb_blurb use_icon=&#8220;on&#8220; font_icon=&#8220;%%1%%&#8220; icon_color=&#8220;#1E45AC&#8220; use_icon_font_size=&#8220;on&#8220; icon_font_size=&#8220;56px&#8220; _builder_version=&#8220;4.8.1&#8243; _module_preset=&#8220;default&#8220; custom_padding=&#8220;||0px|||&#8220;][\/et_pb_blurb][\/et_pb_column][\/et_pb_row][\/et_pb_section]<\/p>\n","protected":false},"excerpt":{"rendered":"<p>[et_pb_section fb_built=&#8220;1&#8243; custom_padding_last_edited=&#8220;on|tablet&#8220; _builder_version=&#8220;4.8.1&#8243; _module_preset=&#8220;default&#8220; background_color=&#8220;#FAFBFE&#8220; custom_padding=&#8220;5vw||3vw||false|false&#8220; custom_padding_tablet=&#8220;10vw||2vw||false|false&#8220; custom_padding_phone=&#8220;7vw||0vw||false|false&#8220; top_divider_style=&#8220;wave&#8220; top_divider_color=&#8220;#FFFFFF&#8220; top_divider_height_tablet=&#8220;&#8220; top_divider_height_phone=&#8220;50px&#8220; top_divider_height_last_edited=&#8220;on|phone&#8220; bottom_divider_style=&#8220;wave&#8220; bottom_divider_color=&#8220;#FFFFFF&#8220; bottom_divider_height_tablet=&#8220;&#8220; bottom_divider_height_phone=&#8220;50px&#8220; bottom_divider_height_last_edited=&#8220;on|phone&#8220; saved_tabs=&#8220;all&#8220;][et_pb_row custom_padding_last_edited=&#8220;on|phone&#8220; _builder_version=&#8220;4.8.1&#8243; _module_preset=&#8220;default&#8220; custom_padding=&#8220;||80px|||&#8220; custom_padding_tablet=&#8220;&#8220; custom_padding_phone=&#8220;||15vw||false|false&#8220; locked=&#8220;off&#8220;][et_pb_column type=&#8220;4_4&#8243; _builder_version=&#8220;4.8.0&#8243; _module_preset=&#8220;default&#8220;][et_pb_post_title meta=&#8220;off&#8220; featured_image=&#8220;off&#8220; _builder_version=&#8220;4.8.1&#8243; _module_preset=&#8220;default&#8220; title_text_align=&#8220;center&#8220; title_font_size=&#8220;54px&#8220; custom_margin=&#8220;||0px|||&#8220; title_font_size_tablet=&#8220;42px&#8220; title_font_size_phone=&#8220;36px&#8220; title_font_size_last_edited=&#8220;on|phone&#8220;][\/et_pb_post_title][et_pb_divider show_divider=&#8220;off&#8220; _builder_version=&#8220;4.8.0&#8243; _module_preset=&#8220;default&#8220; width=&#8220;30%&#8220; max_width=&#8220;50%&#8220; module_alignment=&#8220;center&#8220; min_height=&#8220;0px&#8220; height=&#8220;0px&#8220; max_height=&#8220;0px&#8220; custom_margin=&#8220;0px||||false|false&#8220; custom_padding=&#8220;0px||||false|false&#8220; border_style_all=&#8220;dashed&#8220; border_width_bottom=&#8220;3px&#8220; border_color_bottom=&#8220;#CD1719&#8243;][\/et_pb_divider][et_pb_text _builder_version=&#8220;4.8.1&#8243; [&hellip;]<\/p>\n","protected":false},"author":1,"featured_media":0,"parent":915,"menu_order":0,"comment_status":"closed","ping_status":"closed","template":"","meta":{"_et_pb_use_builder":"on","_et_pb_old_content":"","_et_gb_content_width":""},"yoast_head":"<!-- This site is optimized with the Yoast SEO plugin v15.8 - https:\/\/yoast.com\/wordpress\/plugins\/seo\/ -->\n<title>Gummis f\u00fcr OP Masken - Pasanil<\/title>\n<meta name=\"robots\" content=\"index, follow, max-snippet:-1, max-image-preview:large, max-video-preview:-1\" \/>\n<link rel=\"canonical\" href=\"https:\/\/pasanil.com.pl\/de\/angebot\/radiergummis-maskieren\/\" \/>\n<meta property=\"og:locale\" content=\"de_DE\" \/>\n<meta property=\"og:type\" content=\"article\" \/>\n<meta property=\"og:title\" content=\"Gummis f\u00fcr OP Masken - Pasanil\" \/>\n<meta property=\"og:description\" content=\"[et_pb_section fb_built=&#8220;1&#8243; custom_padding_last_edited=&#8220;on|tablet&#8220; _builder_version=&#8220;4.8.1&#8243; _module_preset=&#8220;default&#8220; background_color=&#8220;#FAFBFE&#8220; custom_padding=&#8220;5vw||3vw||false|false&#8220; custom_padding_tablet=&#8220;10vw||2vw||false|false&#8220; custom_padding_phone=&#8220;7vw||0vw||false|false&#8220; top_divider_style=&#8220;wave&#8220; top_divider_color=&#8220;#FFFFFF&#8220; top_divider_height_tablet=&#8220;&#8220; top_divider_height_phone=&#8220;50px&#8220; top_divider_height_last_edited=&#8220;on|phone&#8220; bottom_divider_style=&#8220;wave&#8220; bottom_divider_color=&#8220;#FFFFFF&#8220; bottom_divider_height_tablet=&#8220;&#8220; bottom_divider_height_phone=&#8220;50px&#8220; bottom_divider_height_last_edited=&#8220;on|phone&#8220; saved_tabs=&#8220;all&#8220;][et_pb_row custom_padding_last_edited=&#8220;on|phone&#8220; _builder_version=&#8220;4.8.1&#8243; _module_preset=&#8220;default&#8220; custom_padding=&#8220;||80px|||&#8220; custom_padding_tablet=&#8220;&#8220; custom_padding_phone=&#8220;||15vw||false|false&#8220; locked=&#8220;off&#8220;][et_pb_column type=&#8220;4_4&#8243; _builder_version=&#8220;4.8.0&#8243; _module_preset=&#8220;default&#8220;][et_pb_post_title meta=&#8220;off&#8220; featured_image=&#8220;off&#8220; _builder_version=&#8220;4.8.1&#8243; _module_preset=&#8220;default&#8220; title_text_align=&#8220;center&#8220; title_font_size=&#8220;54px&#8220; custom_margin=&#8220;||0px|||&#8220; title_font_size_tablet=&#8220;42px&#8220; title_font_size_phone=&#8220;36px&#8220; title_font_size_last_edited=&#8220;on|phone&#8220;][\/et_pb_post_title][et_pb_divider show_divider=&#8220;off&#8220; _builder_version=&#8220;4.8.0&#8243; _module_preset=&#8220;default&#8220; width=&#8220;30%&#8220; max_width=&#8220;50%&#8220; module_alignment=&#8220;center&#8220; min_height=&#8220;0px&#8220; height=&#8220;0px&#8220; max_height=&#8220;0px&#8220; custom_margin=&#8220;0px||||false|false&#8220; custom_padding=&#8220;0px||||false|false&#8220; border_style_all=&#8220;dashed&#8220; border_width_bottom=&#8220;3px&#8220; border_color_bottom=&#8220;#CD1719&#8243;][\/et_pb_divider][et_pb_text _builder_version=&#8220;4.8.1&#8243; [&hellip;]\" \/>\n<meta property=\"og:url\" content=\"https:\/\/pasanil.com.pl\/de\/angebot\/radiergummis-maskieren\/\" \/>\n<meta property=\"og:site_name\" content=\"Pasanil\" \/>\n<meta property=\"article:modified_time\" content=\"2021-02-23T10:28:22+00:00\" \/>\n<meta name=\"twitter:card\" content=\"summary_large_image\" \/>\n<meta name=\"twitter:label1\" content=\"Gesch\u00e4tzte Lesezeit\">\n\t<meta name=\"twitter:data1\" content=\"4 Minuten\">\n<script type=\"application\/ld+json\" class=\"yoast-schema-graph\">{\"@context\":\"https:\/\/schema.org\",\"@graph\":[{\"@type\":\"WebSite\",\"@id\":\"https:\/\/pasanil.com.pl\/#website\",\"url\":\"https:\/\/pasanil.com.pl\/\",\"name\":\"Pasanil\",\"description\":\"Producent pasmanterii, ta\\u015bmy odzie\\u017cowe, siatki w\\u0119dliniarskie\",\"potentialAction\":[{\"@type\":\"SearchAction\",\"target\":\"https:\/\/pasanil.com.pl\/?s={search_term_string}\",\"query-input\":\"required name=search_term_string\"}],\"inLanguage\":\"de-DE\"},{\"@type\":\"WebPage\",\"@id\":\"https:\/\/pasanil.com.pl\/de\/angebot\/radiergummis-maskieren\/#webpage\",\"url\":\"https:\/\/pasanil.com.pl\/de\/angebot\/radiergummis-maskieren\/\",\"name\":\"Gummis f\\u00fcr OP Masken - Pasanil\",\"isPartOf\":{\"@id\":\"https:\/\/pasanil.com.pl\/#website\"},\"datePublished\":\"2021-01-28T11:44:53+00:00\",\"dateModified\":\"2021-02-23T10:28:22+00:00\",\"breadcrumb\":{\"@id\":\"https:\/\/pasanil.com.pl\/de\/angebot\/radiergummis-maskieren\/#breadcrumb\"},\"inLanguage\":\"de-DE\",\"potentialAction\":[{\"@type\":\"ReadAction\",\"target\":[\"https:\/\/pasanil.com.pl\/de\/angebot\/radiergummis-maskieren\/\"]}]},{\"@type\":\"BreadcrumbList\",\"@id\":\"https:\/\/pasanil.com.pl\/de\/angebot\/radiergummis-maskieren\/#breadcrumb\",\"itemListElement\":[{\"@type\":\"ListItem\",\"position\":1,\"item\":{\"@type\":\"WebPage\",\"@id\":\"https:\/\/pasanil.com.pl\/de\/startseite\/\",\"url\":\"https:\/\/pasanil.com.pl\/de\/startseite\/\",\"name\":\"Startseite\"}},{\"@type\":\"ListItem\",\"position\":2,\"item\":{\"@type\":\"WebPage\",\"@id\":\"https:\/\/pasanil.com.pl\/de\/angebot\/\",\"url\":\"https:\/\/pasanil.com.pl\/de\/angebot\/\",\"name\":\"Angebot\"}},{\"@type\":\"ListItem\",\"position\":3,\"item\":{\"@type\":\"WebPage\",\"@id\":\"https:\/\/pasanil.com.pl\/de\/angebot\/radiergummis-maskieren\/\",\"url\":\"https:\/\/pasanil.com.pl\/de\/angebot\/radiergummis-maskieren\/\",\"name\":\"Gummis f\\u00fcr OP Masken\"}}]}]}<\/script>\n<!-- \/ Yoast SEO plugin. -->","_links":{"self":[{"href":"https:\/\/pasanil.com.pl\/de\/wp-json\/wp\/v2\/pages\/935"}],"collection":[{"href":"https:\/\/pasanil.com.pl\/de\/wp-json\/wp\/v2\/pages"}],"about":[{"href":"https:\/\/pasanil.com.pl\/de\/wp-json\/wp\/v2\/types\/page"}],"author":[{"embeddable":true,"href":"https:\/\/pasanil.com.pl\/de\/wp-json\/wp\/v2\/users\/1"}],"replies":[{"embeddable":true,"href":"https:\/\/pasanil.com.pl\/de\/wp-json\/wp\/v2\/comments?post=935"}],"version-history":[{"count":23,"href":"https:\/\/pasanil.com.pl\/de\/wp-json\/wp\/v2\/pages\/935\/revisions"}],"predecessor-version":[{"id":1562,"href":"https:\/\/pasanil.com.pl\/de\/wp-json\/wp\/v2\/pages\/935\/revisions\/1562"}],"up":[{"embeddable":true,"href":"https:\/\/pasanil.com.pl\/de\/wp-json\/wp\/v2\/pages\/915"}],"wp:attachment":[{"href":"https:\/\/pasanil.com.pl\/de\/wp-json\/wp\/v2\/media?parent=935"}],"curies":[{"name":"wp","href":"https:\/\/api.w.org\/{rel}","templated":true}]}}